{"id":563,"date":"2023-05-18T23:15:35","date_gmt":"2023-05-18T21:15:35","guid":{"rendered":"http:\/\/fondationleopoldsedarsenghor.org\/?page_id=563"},"modified":"2023-05-29T02:00:29","modified_gmt":"2023-05-29T00:00:29","slug":"en-interne","status":"publish","type":"page","link":"https:\/\/fondationleopoldsedarsenghor.org\/index.php\/en-interne\/","title":{"rendered":"En interne"},"content":{"rendered":"\n<p><strong>Cr\u00e9ation d\u2019un Centre de Ressources multim\u00e9dia et organisation des archives.<\/strong><\/p>\n\n\n\n<p>Rappelons ces mots du Parrain sur l\u2019importance du livre&nbsp;:<\/p>\n\n\n\n<p><em>\u00ab&nbsp;Le livre \u00e9claire la pens\u00e9e. C\u2019est pourquoi l\u2019\u00e9crit transcende les plus r\u00e9centes techniques de communication comme l\u2019audiovisuel. L\u00e0 o\u00f9 la cam\u00e9ra d\u00e9crit, le micro restitue, le livre prolonge l\u2019\u00e9v\u00e9nement, le met en perspective, en prospective, l\u2019approfondit et l\u2019\u00e9largit aux dimensions d\u2019une compr\u00e9hension globale.<\/em><\/p>\n\n\n\n<p><em>Il est totalit\u00e9&nbsp;&nbsp;<\/em>\u00bb.<\/p>\n\n\n\n<h5 class=\"wp-block-heading\"><strong>A. Le Fonds documentaire<\/strong><\/h5>\n\n\n\n<p>La Fondation L\u00e9opold S\u00e9dar Senghor dispose en effet, d\u2019un centre de documentation, avec un fonds estim\u00e9, \u00e0 environ 4.000 volumes, o\u00f9 figurent des \u0153uvres de premier choix sur la vie et l\u2019\u0153uvre de son Parrain, et qui s\u2019est s\u2019enrichi en se diversifiant avec l\u2019Ann\u00e9e du centenaire de Senghor.<\/p>\n\n\n\n<p>Cette \u00e9volution positive est \u00e0 poursuivre avec des supports autres que le&nbsp;livre, relatifs au Parrain et conserv\u00e9s dans diff\u00e9rentes institutions \u2013 Institut fondamental d\u2019Afrique noire, IFAN, Radio T\u00e9l\u00e9vision s\u00e9n\u00e9galaise, RTS, Institut national de l\u2019Audiovisuel (France), UNESCO, etc. \u2013&nbsp; afin de contribuer au rayonnement de la Culture \u00e0 partir du S\u00e9n\u00e9gal, comme le Parrain l\u2019a toujours voulu.<\/p>\n\n\n\n<p>Le fonds sera \u00e9galement enrichi par des donn\u00e9es collect\u00e9es au sein du Royaume d\u2019enfance, sur des th\u00e9matiques qui parcourent l\u2019\u0153uvre po\u00e9tique du Parrain et qui sont insuffisamment pr\u00e9sentes dans la documentation \u00e9crite existante. Ces collectes sont importantes aux yeux du Parrain qui, en 1982, a souhait\u00e9 qu\u2019une \u00e9tude soit men\u00e9e sur le th\u00e8me&nbsp;:<\/p>\n\n\n\n<p>\u00ab<strong>&nbsp;Senghor, vu par les gens de son village<\/strong>&nbsp;\u00bb.<\/p>\n\n\n\n<p>Les membres du CA ont donn\u00e9 la consigne que cette collecte soit \u00e9tendue \u00e0 d\u2019autres parties du pays.&nbsp;<\/p>\n\n\n\n<p>Pour valoriser le fonds documentaire et en assurer l\u2019accessibilit\u00e9 \u00e0 tous publics, il est pr\u00e9vu d\u2019en faire un&nbsp;<em>centre de ressources documentaires multim\u00e9dia<\/em>&nbsp;et de cr\u00e9er des bases de donn\u00e9es accessibles gr\u00e2ce au Net.<\/p>\n\n\n\n<h5 class=\"wp-block-heading\"><strong>B. Traitement des archives et num\u00e9risation<\/strong><br><\/h5>\n\n\n\n<p>Il s\u2019agit \u00e9galement de r\u00e9aliser un traitement professionnel des archives de la Fondation, pour une distinction de ce peut \u00eatre mis \u00e0 la disposition du public des chercheurs, de ce qui appartient au domaine exclusif de l\u2019institution.<\/p>\n\n\n\n<p>Ce traitement inclut la num\u00e9risation de certains supports tels que des enregistrements sonores sur cassettes audio, vid\u00e9o ou sur disques en vinyle, des photos sur papier, des diapositives, etc.<\/p>\n\n\n\n<p>A ce titre, les recherches effectu\u00e9es dans le fonds, sur les textes \u00e9crits par le Parrain et envoy\u00e9s par ses soins \u00e0 la Fondation, ont permis d\u2019identifier un grand nombre qui, confront\u00e9s \u00e0 ceux figurant dans les publications de l\u2019auteur, permettent de noter \u2013 au point o\u00f9 nous en sommes \u2013 que quelque 150 d\u2019entre eux, totalisant plus de 1600 p A4 n\u2019ont pas \u00e9t\u00e9 publi\u00e9s.<\/p>\n","protected":false},"excerpt":{"rendered":"<p>Cr\u00e9ation d\u2019un Centre de Ressources multim\u00e9dia et organisation des archives. Rappelons ces mots du Parrain sur l\u2019importance du livre&nbsp;: \u00ab&nbsp;Le livre \u00e9claire la pens\u00e9e. C\u2019est pourquoi l\u2019\u00e9crit transcende les plus [&hellip;]<\/p>\n","protected":false},"author":1,"featured_media":0,"parent":0,"menu_order":0,"comment_status":"closed","ping_status":"closed","template":"","meta":{"_acf_changed":false,"footnotes":""},"class_list":["post-563","page","type-page","status-publish"],"acf":[],"yoast_head":"<!-- This site is optimized with the Yoast SEO plugin v24.9 - https:\/\/yoast.com\/wordpress\/plugins\/seo\/ -->\n<title>En interne - Leopold Sedar<\/title>\n<meta name=\"robots\" content=\"index, follow, max-snippet:-1, max-image-preview:large, max-video-preview:-1\" \/>\n<link rel=\"canonical\" href=\"https:\/\/fondationleopoldsedarsenghor.org\/index.php\/en-interne\/\" \/>\n<meta property=\"og:locale\" content=\"en_US\" \/>\n<meta property=\"og:type\" content=\"article\" \/>\n<meta property=\"og:title\" content=\"En interne - Leopold Sedar\" \/>\n<meta property=\"og:description\" content=\"Cr\u00e9ation d\u2019un Centre de Ressources multim\u00e9dia et organisation des archives. Rappelons ces mots du Parrain sur l\u2019importance du livre&nbsp;: \u00ab&nbsp;Le livre \u00e9claire la pens\u00e9e. C\u2019est pourquoi l\u2019\u00e9crit transcende les plus [&hellip;]\" \/>\n<meta property=\"og:url\" content=\"https:\/\/fondationleopoldsedarsenghor.org\/index.php\/en-interne\/\" \/>\n<meta property=\"og:site_name\" content=\"Leopold Sedar\" \/>\n<meta property=\"article:modified_time\" content=\"2023-05-29T00:00:29+00:00\" \/>\n<meta name=\"twitter:card\" content=\"summary_large_image\" \/>\n<meta name=\"twitter:label1\" content=\"Est. reading time\" \/>\n\t<meta name=\"twitter:data1\" content=\"2 minutes\" \/>\n<script type=\"application\/ld+json\" class=\"yoast-schema-graph\">{\"@context\":\"https:\/\/schema.org\",\"@graph\":[{\"@type\":\"WebPage\",\"@id\":\"https:\/\/fondationleopoldsedarsenghor.org\/index.php\/en-interne\/\",\"url\":\"https:\/\/fondationleopoldsedarsenghor.org\/index.php\/en-interne\/\",\"name\":\"En interne - Leopold Sedar\",\"isPartOf\":{\"@id\":\"https:\/\/fondationleopoldsedarsenghor.org\/#website\"},\"datePublished\":\"2023-05-18T21:15:35+00:00\",\"dateModified\":\"2023-05-29T00:00:29+00:00\",\"breadcrumb\":{\"@id\":\"https:\/\/fondationleopoldsedarsenghor.org\/index.php\/en-interne\/#breadcrumb\"},\"inLanguage\":\"en-US\",\"potentialAction\":[{\"@type\":\"ReadAction\",\"target\":[\"https:\/\/fondationleopoldsedarsenghor.org\/index.php\/en-interne\/\"]}]},{\"@type\":\"BreadcrumbList\",\"@id\":\"https:\/\/fondationleopoldsedarsenghor.org\/index.php\/en-interne\/#breadcrumb\",\"itemListElement\":[{\"@type\":\"ListItem\",\"position\":1,\"name\":\"Accueil\",\"item\":\"https:\/\/fondationleopoldsedarsenghor.org\/\"},{\"@type\":\"ListItem\",\"position\":2,\"name\":\"En interne\"}]},{\"@type\":\"WebSite\",\"@id\":\"https:\/\/fondationleopoldsedarsenghor.org\/#website\",\"url\":\"https:\/\/fondationleopoldsedarsenghor.org\/\",\"name\":\"https:\/\/fondationleopoldsedarsenghor.org\/\",\"description\":\"\",\"publisher\":{\"@id\":\"https:\/\/fondationleopoldsedarsenghor.org\/#organization\"},\"potentialAction\":[{\"@type\":\"SearchAction\",\"target\":{\"@type\":\"EntryPoint\",\"urlTemplate\":\"https:\/\/fondationleopoldsedarsenghor.org\/?s={search_term_string}\"},\"query-input\":{\"@type\":\"PropertyValueSpecification\",\"valueRequired\":true,\"valueName\":\"search_term_string\"}}],\"inLanguage\":\"en-US\"},{\"@type\":\"Organization\",\"@id\":\"https:\/\/fondationleopoldsedarsenghor.org\/#organization\",\"name\":\"Fondation Leopold S\u00e9dar Senghor\",\"url\":\"https:\/\/fondationleopoldsedarsenghor.org\/\",\"logo\":{\"@type\":\"ImageObject\",\"inLanguage\":\"en-US\",\"@id\":\"https:\/\/fondationleopoldsedarsenghor.org\/#\/schema\/logo\/image\/\",\"url\":\"https:\/\/fondationleopoldsedarsenghor.org\/wp-content\/uploads\/2023\/05\/Senghor-Depute-du-Senegal-1.png\",\"contentUrl\":\"https:\/\/fondationleopoldsedarsenghor.org\/wp-content\/uploads\/2023\/05\/Senghor-Depute-du-Senegal-1.png\",\"width\":186,\"height\":275,\"caption\":\"Fondation Leopold S\u00e9dar Senghor\"},\"image\":{\"@id\":\"https:\/\/fondationleopoldsedarsenghor.org\/#\/schema\/logo\/image\/\"}}]}<\/script>\n<!-- \/ Yoast SEO plugin. -->","yoast_head_json":{"title":"En interne - Leopold Sedar","robots":{"index":"index","follow":"follow","max-snippet":"max-snippet:-1","max-image-preview":"max-image-preview:large","max-video-preview":"max-video-preview:-1"},"canonical":"https:\/\/fondationleopoldsedarsenghor.org\/index.php\/en-interne\/","og_locale":"en_US","og_type":"article","og_title":"En interne - Leopold Sedar","og_description":"Cr\u00e9ation d\u2019un Centre de Ressources multim\u00e9dia et organisation des archives. Rappelons ces mots du Parrain sur l\u2019importance du livre&nbsp;: \u00ab&nbsp;Le livre \u00e9claire la pens\u00e9e. C\u2019est pourquoi l\u2019\u00e9crit transcende les plus [&hellip;]","og_url":"https:\/\/fondationleopoldsedarsenghor.org\/index.php\/en-interne\/","og_site_name":"Leopold Sedar","article_modified_time":"2023-05-29T00:00:29+00:00","twitter_card":"summary_large_image","twitter_misc":{"Est. reading time":"2 minutes"},"schema":{"@context":"https:\/\/schema.org","@graph":[{"@type":"WebPage","@id":"https:\/\/fondationleopoldsedarsenghor.org\/index.php\/en-interne\/","url":"https:\/\/fondationleopoldsedarsenghor.org\/index.php\/en-interne\/","name":"En interne - Leopold Sedar","isPartOf":{"@id":"https:\/\/fondationleopoldsedarsenghor.org\/#website"},"datePublished":"2023-05-18T21:15:35+00:00","dateModified":"2023-05-29T00:00:29+00:00","breadcrumb":{"@id":"https:\/\/fondationleopoldsedarsenghor.org\/index.php\/en-interne\/#breadcrumb"},"inLanguage":"en-US","potentialAction":[{"@type":"ReadAction","target":["https:\/\/fondationleopoldsedarsenghor.org\/index.php\/en-interne\/"]}]},{"@type":"BreadcrumbList","@id":"https:\/\/fondationleopoldsedarsenghor.org\/index.php\/en-interne\/#breadcrumb","itemListElement":[{"@type":"ListItem","position":1,"name":"Accueil","item":"https:\/\/fondationleopoldsedarsenghor.org\/"},{"@type":"ListItem","position":2,"name":"En interne"}]},{"@type":"WebSite","@id":"https:\/\/fondationleopoldsedarsenghor.org\/#website","url":"https:\/\/fondationleopoldsedarsenghor.org\/","name":"https:\/\/fondationleopoldsedarsenghor.org\/","description":"","publisher":{"@id":"https:\/\/fondationleopoldsedarsenghor.org\/#organization"},"potentialAction":[{"@type":"SearchAction","target":{"@type":"EntryPoint","urlTemplate":"https:\/\/fondationleopoldsedarsenghor.org\/?s={search_term_string}"},"query-input":{"@type":"PropertyValueSpecification","valueRequired":true,"valueName":"search_term_string"}}],"inLanguage":"en-US"},{"@type":"Organization","@id":"https:\/\/fondationleopoldsedarsenghor.org\/#organization","name":"Fondation Leopold S\u00e9dar Senghor","url":"https:\/\/fondationleopoldsedarsenghor.org\/","logo":{"@type":"ImageObject","inLanguage":"en-US","@id":"https:\/\/fondationleopoldsedarsenghor.org\/#\/schema\/logo\/image\/","url":"https:\/\/fondationleopoldsedarsenghor.org\/wp-content\/uploads\/2023\/05\/Senghor-Depute-du-Senegal-1.png","contentUrl":"https:\/\/fondationleopoldsedarsenghor.org\/wp-content\/uploads\/2023\/05\/Senghor-Depute-du-Senegal-1.png","width":186,"height":275,"caption":"Fondation Leopold S\u00e9dar Senghor"},"image":{"@id":"https:\/\/fondationleopoldsedarsenghor.org\/#\/schema\/logo\/image\/"}}]}},"_links":{"self":[{"href":"https:\/\/fondationleopoldsedarsenghor.org\/index.php\/wp-json\/wp\/v2\/pages\/563","targetHints":{"allow":["GET"]}}],"collection":[{"href":"https:\/\/fondationleopoldsedarsenghor.org\/index.php\/wp-json\/wp\/v2\/pages"}],"about":[{"href":"https:\/\/fondationleopoldsedarsenghor.org\/index.php\/wp-json\/wp\/v2\/types\/page"}],"author":[{"embeddable":true,"href":"https:\/\/fondationleopoldsedarsenghor.org\/index.php\/wp-json\/wp\/v2\/users\/1"}],"replies":[{"embeddable":true,"href":"https:\/\/fondationleopoldsedarsenghor.org\/index.php\/wp-json\/wp\/v2\/comments?post=563"}],"version-history":[{"count":3,"href":"https:\/\/fondationleopoldsedarsenghor.org\/index.php\/wp-json\/wp\/v2\/pages\/563\/revisions"}],"predecessor-version":[{"id":1001,"href":"https:\/\/fondationleopoldsedarsenghor.org\/index.php\/wp-json\/wp\/v2\/pages\/563\/revisions\/1001"}],"wp:attachment":[{"href":"https:\/\/fondationleopoldsedarsenghor.org\/index.php\/wp-json\/wp\/v2\/media?parent=563"}],"curies":[{"name":"wp","href":"https:\/\/api.w.org\/{rel}","templated":true}]}}