{"id":569,"date":"2023-05-18T23:17:20","date_gmt":"2023-05-18T21:17:20","guid":{"rendered":"http:\/\/fondationleopoldsedarsenghor.org\/?page_id=569"},"modified":"2023-05-18T23:23:54","modified_gmt":"2023-05-18T21:23:54","slug":"au-plan-africain","status":"publish","type":"page","link":"https:\/\/fondationleopoldsedarsenghor.org\/index.php\/au-plan-africain\/","title":{"rendered":"Au plan africain"},"content":{"rendered":"\n<p>Parmi les buts de la Fondation, figurent la \u00ab&nbsp;<em>sauvegarde et l\u2019enrichissement du patrimoine culturel africain, qui doit \u00eatre favoris\u00e9&nbsp;; le d\u00e9veloppement de l\u2019Enseignement sup\u00e9rieur, de la Recherche et de la Culture, celle-ci s\u2019\u00e9tendant aux domaines de la litt\u00e9rature, de l\u2019art et des sciences humaines<\/em><em>&nbsp;\u00bb.<\/em><\/p>\n\n\n\n<p>La&nbsp; Fondation, en plus des \u0153uvres du Parrain, doit favoriser la connaissance des \u00e9crits d\u2019autres personnalit\u00e9s africaines marquantes, concepteurs d\u2019id\u00e9es novatrices, voire de syst\u00e8mes de pens\u00e9e, qui projettent une lumi\u00e8re sur le pr\u00e9sent et le devenir de l\u2019Afrique, en tant qu\u2019actrice dans la marche du monde. Rappelons-le, il s\u2019agit, dans une d\u00e9marche cumulative, de construire&nbsp;<strong>un Corps d\u2019id\u00e9es<\/strong>&nbsp;qui articule les visions et se donne comme un patrimoine d\u2019acquis sur lesquels on peut b\u00e2tir pour le futur. Cependant, le manque de synth\u00e8ses sur les nombreuses recherches men\u00e9es en Afrique, donne&nbsp; l\u2019impression qu\u2019on se trouve en face de monologues juxtapos\u00e9s.<\/p>\n\n\n\n<p>Ce&nbsp;<strong>Corps d\u2019id\u00e9es<\/strong>&nbsp;pourrait constituer le sous-bassement, ou l\u2019accompagnement des organes d\u2019int\u00e9gration, v\u00e9ritables cercles concentriques, comme le Parrain lui-m\u00eame le proposait (UEMOA, CEDEAO\u2026).D\u2019autre part, on ancrerait dans nos m\u00e9moires le patrimoine intellectuel \u00e9tabli par les fils du continent \u2013 plus particuli\u00e8rement de l\u2019Afrique subsaharienne \u2013 et on ferait de Dakar, le lieu d\u2019expression audible et visible d\u2019une pens\u00e9e \u00e0 la conqu\u00eate de l\u2019Afrique, de sa diaspora et du monde. Cette d\u00e9marche permettrait \u00e9galement de confronter nos visions et projections d\u00e9senclav\u00e9es, avec celles d\u2019autres parties du m\u00eame monde globalis\u00e9. On rejoindrait en m\u00eame temps une des id\u00e9es fortes que le Parrain r\u00e9p\u00e9tait \u00e0 l\u2019envi&nbsp;: \u00ab&nbsp;<strong><em>Il nous faut penser par nous-m\u00eames et pour nous m\u00eames&nbsp;<\/em><\/strong>\u00bb.<\/p>\n\n\n\n<p><strong>Cycle de conf\u00e9rences en Afrique subsaharienne<\/strong><\/p>\n\n\n\n<p>Les activit\u00e9s \u00e0 mener peuvent rev\u00eatir la forme de conf\u00e9rences, sur des th\u00e8mes d\u2019actualit\u00e9, \u00e0 organiser dans des universit\u00e9s africaines. La conf\u00e9rence inaugurale annuelle de la Fondation, tout en se situant au niveau national, repr\u00e9sente une donn\u00e9e de ce niveau interafricain, du fait de l\u2019origine ext\u00e9rieure du conf\u00e9rencier.<\/p>\n\n\n\n<p>Dans un mouvement inverse, les actions \u00e0 mener pourraient concerner en priorit\u00e9 des intellectuels s\u00e9n\u00e9galais d\u2019envergure internationale, qui partiraient pour un cycle de conf\u00e9rences dans les pays de la sous-r\u00e9gion (d\u2019Abidjan \u00e0 Yaound\u00e9 ou au-del\u00e0, en passant par Bamako, Ouagadougou, Cotonou, Niamey).<\/p>\n\n\n\n<p>Ayant soumis une telle d\u00e9marche \u00e0 l\u2019Agence universitaire de la Francophonie AUF, nos interlocuteurs l\u2019ont trouv\u00e9e int\u00e9ressante, mais ont sugg\u00e9r\u00e9 de faire appel aux nouvelles technologies \u00e0 travers une visioconf\u00e9rence, par exemple \u00e0 partir d\u2019Abidjan.<\/p>\n\n\n\n<p><strong>Promotion du livre et de la lecture par le vecteur radiophonique<\/strong><\/p>\n\n\n\n<p>Il s\u2019agit d\u2019un projet que nous avons d\u00e9j\u00e0 formul\u00e9 et soumis \u00e0 la D\u00e9l\u00e9gation G\u00e9n\u00e9rale pour l\u2019organisation du XVe Sommet de la Francophonie, suite aux contacts nou\u00e9s lors du colloque sur le centenaire d\u2019Aim\u00e9 C\u00e9saire&nbsp;: \u00ab&nbsp;<strong>Cahier d\u2019un retour au pays ancestral&nbsp;\u00bb&nbsp;<\/strong>\u2013 du 19 au 23 mars 2013 \u2013 avec le D\u00e9l\u00e9gu\u00e9 G\u00e9n\u00e9ral, M. Jacques Habib Sy. A partir des donn\u00e9es sur le livre et sur les maisons paternelles Senghor \u00e0 Joal et \u00e0 Djilor deux fiches de projet ont \u00e9t\u00e9 soumises aux autorit\u00e9s du pays et \u00e0 Mme Benguigui, ministre fran\u00e7ais de la Francophonie, lors d\u2019un s\u00e9jour en mai dernier \u00e0 Dakar. Les deux fiches ayant \u00e9t\u00e9 retenues, un document de projet a \u00e9t\u00e9 transmis, le 15 juin dernier \u00e0 la D\u00e9l\u00e9gation G\u00e9n\u00e9rale, pour qu\u2019elle le soumette \u00e0 des bailleurs par le biais du minist\u00e8re fran\u00e7ais de la Francophonie.<\/p>\n\n\n\n<p><strong>R\u00e9sum\u00e9 du projet<\/strong><\/p>\n\n\n\n<p>\u00ab&nbsp;Le contexte actuel de l\u2019Afrique est marqu\u00e9 par un foisonnement de radios de proximit\u00e9, \u00e9mettant en Modulation de Fr\u00e9quence, avec un tr\u00e8s grand confort d\u2019\u00e9coute. Le contexte est marqu\u00e9 \u00e9galement par une production \u00e9crite consid\u00e9rable dans le monde, et m\u00eame si l\u2019\u00e9dition est encore relativement timide dans le continent, l\u2019Afrique compte une production \u00e9crite cumul\u00e9e importante. Par ailleurs, cette pr\u00e9sence de l\u2019\u00e9crit est renforc\u00e9e par le multim\u00e9dia, car l\u2019\u00e9crit y occupe une place de choix.<\/p>\n\n\n\n<p>Face \u00e0 une pratique insuffisante de la lecture des Africains \u2013 opinion couramment admise \u2013 l\u2019offre de l\u2019infrastructure radiophonique qui s\u2019accorde \u00e0 une pr\u00e9sence encore dominante de l\u2019oralit\u00e9 est une opportunit\u00e9 \u00e0 saisir pour \u00e9tendre la connaissance du livre et la pratique de la lecture. C\u2019est ce que vise le projet \u00ab&nbsp;<em>Promotion du livre et de la lecture par le vecteur radiophonique<\/em>&nbsp;\u00bb.<\/p>\n\n\n\n<p>Le projet concerne huit radios situ\u00e9es dans huit capitales de l\u2019Afrique de l\u2019Ouest&nbsp;:&nbsp;<strong>Accra<\/strong>&nbsp;au Ghana,&nbsp;<strong>Bamako<\/strong>&nbsp;au Mali,&nbsp;<strong>Banjul<\/strong>&nbsp;en Gambie,&nbsp;<strong>Conakry<\/strong>&nbsp;en r\u00e9publique de Guin\u00e9e,&nbsp;<strong>Cotonou<\/strong>&nbsp;au B\u00e9nin,&nbsp;<strong>Dakar<\/strong>, au S\u00e9n\u00e9gal,&nbsp;<strong>Niamey<\/strong>&nbsp;au Niger et&nbsp;<strong>Ouagadougou<\/strong>&nbsp;au Burkina Faso.<\/p>\n\n\n\n<p>Il s\u2019agit, sur une base partenariale, de passer des contrats avec des radios situ\u00e9es dans ces villes et r\u00e9pondant \u00e0 des crit\u00e8res d\u00e9finis, de r\u00e9aliser, produire, et diffuser une \u00e9mission hebdomadaire de 25 minutes, faisant la promotion du livre et de la lecture, avec l\u2019analyse d\u2019une publication ou la participation de l\u2019un des maillons de la cha\u00eene du livre, du concepteur qu\u2019est l\u2019auteur jusqu\u2019au m\u00e9diath\u00e9caire qui en assure la diffusion non commerciale.<\/p>\n\n\n\n<p>Le projet permettra ainsi d\u2019inscrire le livre et la lecture sur les ondes des&nbsp; radios et d\u2019en favoriser la diffusion, en tant qu\u2019outils de d\u00e9veloppement. Durant les deux ann\u00e9es qu\u2019il doit durer, le projet permettra de diffuser plus de 800 \u00e9missions dans les huit capitales de la r\u00e9gion Afrique de l\u2019Ouest, de les archiver au sein des radios et dans la coordination du projet, et de mener de nombreuses activit\u00e9s d\u2019animation, de renforcer les objectifs de la Francophonie \u2013 entre autres la promotion de la langue fran\u00e7aise, de la diversit\u00e9 culturelle et linguistique, la promotion de l\u2019Etat de droit, de la d\u00e9mocratie et des droits humains, l\u2019\u00e9ducation et formation&nbsp;et le d\u00e9veloppement durable.<\/p>\n\n\n\n<p><strong>Objectif g\u00e9n\u00e9ral du projet<\/strong><\/p>\n\n\n\n<p>Par le moyen des radios partenaires, le projet vise \u00e0 contribuer \u00e0 l\u2019information et \u00e0 l\u2019\u00e9ducation des publics constitu\u00e9s de leurs auditoires \u2013 et de tous autres via l\u2019Internet -, par le moyen d\u2019une analyse et d\u2019une diffusion des contenus des ouvrages pr\u00e9sent\u00e9s et, partant, \u00e0 favoriser la promotion du livre et de la lecture, \u00e0 en \u00e9largir les espaces de diffusion, ainsi que les publics qui y ont recours en tant qu\u2019outil de d\u00e9veloppement.<\/p>\n\n\n\n<p><strong>Objectifs sp\u00e9cifiques<\/strong><\/p>\n\n\n\n<p><strong>a\/&nbsp;<\/strong>Former huit journalistes aux&nbsp;<strong>techniques d\u2019analyse et de promotion<\/strong>&nbsp;<strong>du livre et de la lecture&nbsp;<\/strong>; et huit m\u00e9diath\u00e9caires, \u00e0 la&nbsp;<strong>conception<\/strong>, \u00e0 la&nbsp;<strong>r\u00e9alisation<\/strong>&nbsp;et \u00e0 la&nbsp;<strong>production<\/strong>&nbsp;d\u2019\u00e9missions radiophoniques, en vue de leur diffusion r\u00e9guli\u00e8re sur les ondes ;<\/p>\n\n\n\n<p><strong>b\/&nbsp;<\/strong>Produire et diffuser huit \u00e9missions radiophoniques hebdomadaires dans huit pays africains, pendant deux ans, soit au total 8 \u00e9missions x 52 semaines x 2 ans&nbsp; = 832 \u00e9missions ;<\/p>\n\n\n\n<p><strong>c\/<\/strong>&nbsp;Assurer l\u2019archivage des \u00e9missions r\u00e9alis\u00e9es sur des supports adapt\u00e9s ou dans des m\u00e9moires informatis\u00e9es au sein de chaque radio, et envoyer une copie de chaque \u00e9mission \u00e0 la Coordination g\u00e9n\u00e9rale du projet&nbsp; \u2013 la Fondation L\u00e9opold S\u00e9dar Senghor \u2013 aux fins de son archivage num\u00e9ris\u00e9 et engager \u00e9ventuellement des op\u00e9rations d\u2019\u00e9change avec d\u2019autres radios int\u00e9ress\u00e9es, non impliqu\u00e9es dans le projet&nbsp;<\/p>\n\n\n\n<p><strong>d\/ R\u00e9aliser un film<\/strong>&nbsp;\u00e0 vocation p\u00e9dagogique, faisant la promotion du livre et de la lecture, en couvrant certaines s\u00e9quences de l\u2019ex\u00e9cution du projet, et en donnant la parole \u00e0 des personnalit\u00e9s de choix, et diffuser ce film dans les t\u00e9l\u00e9visions des pays du projet et d\u2019autres pays sur demande&nbsp;;<\/p>\n\n\n\n<p><strong>e<\/strong>&nbsp;\/<strong>Cr\u00e9er et entretenir un site Internet<\/strong>&nbsp;o\u00f9 les meilleurs \u00e9missions du projet pourront \u00eatre \u00e9cout\u00e9es et t\u00e9l\u00e9charg\u00e9es&nbsp;;<\/p>\n\n\n\n<p><strong>f<\/strong>\/&nbsp;<strong>Favoriser la connaissance et la circulation du livre en langue fran\u00e7aise dans les pays du projet&nbsp;<em>et au-del\u00e0<\/em><\/strong>&nbsp;dans les espaces couverts par les radios partenaires, aupr\u00e8s de publics divers par des s\u00e9ances mensuelles d\u2019\u00e9coute et d\u2019analyse d\u2019\u00e9missions choisies au si\u00e8ge de la Fondation L\u00e9opold S\u00e9dar Senghor, et par des s\u00e9ances trimestrielles dans les autres pays, et par les visites du site Internet.<\/p>\n\n\n\n<p>Une fen\u00eatre restera ouverte pour les livres en langues locales, dans l\u2019esprit du dialogue entre le fran\u00e7ais et les langues partenaires.<\/p>\n","protected":false},"excerpt":{"rendered":"<p>Parmi les buts de la Fondation, figurent la \u00ab&nbsp;sauvegarde et l\u2019enrichissement du patrimoine culturel africain, qui doit \u00eatre favoris\u00e9&nbsp;; le d\u00e9veloppement de l\u2019Enseignement sup\u00e9rieur, de la Recherche et de la [&hellip;]<\/p>\n","protected":false},"author":1,"featured_media":0,"parent":0,"menu_order":0,"comment_status":"closed","ping_status":"closed","template":"","meta":{"_acf_changed":false,"footnotes":""},"class_list":["post-569","page","type-page","status-publish"],"acf":[],"yoast_head":"<!-- This site is optimized with the Yoast SEO plugin v24.9 - https:\/\/yoast.com\/wordpress\/plugins\/seo\/ -->\n<title>Au plan africain - Leopold Sedar<\/title>\n<meta name=\"robots\" content=\"index, follow, max-snippet:-1, max-image-preview:large, max-video-preview:-1\" \/>\n<link rel=\"canonical\" href=\"https:\/\/fondationleopoldsedarsenghor.org\/index.php\/au-plan-africain\/\" \/>\n<meta property=\"og:locale\" content=\"en_US\" \/>\n<meta property=\"og:type\" content=\"article\" \/>\n<meta property=\"og:title\" content=\"Au plan africain - Leopold Sedar\" \/>\n<meta property=\"og:description\" content=\"Parmi les buts de la Fondation, figurent la \u00ab&nbsp;sauvegarde et l\u2019enrichissement du patrimoine culturel africain, qui doit \u00eatre favoris\u00e9&nbsp;; le d\u00e9veloppement de l\u2019Enseignement sup\u00e9rieur, de la Recherche et de la [&hellip;]\" \/>\n<meta property=\"og:url\" content=\"https:\/\/fondationleopoldsedarsenghor.org\/index.php\/au-plan-africain\/\" \/>\n<meta property=\"og:site_name\" content=\"Leopold Sedar\" \/>\n<meta property=\"article:modified_time\" content=\"2023-05-18T21:23:54+00:00\" \/>\n<meta name=\"twitter:card\" content=\"summary_large_image\" \/>\n<meta name=\"twitter:label1\" content=\"Est. reading time\" \/>\n\t<meta name=\"twitter:data1\" content=\"8 minutes\" \/>\n<script type=\"application\/ld+json\" class=\"yoast-schema-graph\">{\"@context\":\"https:\/\/schema.org\",\"@graph\":[{\"@type\":\"WebPage\",\"@id\":\"https:\/\/fondationleopoldsedarsenghor.org\/index.php\/au-plan-africain\/\",\"url\":\"https:\/\/fondationleopoldsedarsenghor.org\/index.php\/au-plan-africain\/\",\"name\":\"Au plan africain - Leopold Sedar\",\"isPartOf\":{\"@id\":\"https:\/\/fondationleopoldsedarsenghor.org\/#website\"},\"datePublished\":\"2023-05-18T21:17:20+00:00\",\"dateModified\":\"2023-05-18T21:23:54+00:00\",\"breadcrumb\":{\"@id\":\"https:\/\/fondationleopoldsedarsenghor.org\/index.php\/au-plan-africain\/#breadcrumb\"},\"inLanguage\":\"en-US\",\"potentialAction\":[{\"@type\":\"ReadAction\",\"target\":[\"https:\/\/fondationleopoldsedarsenghor.org\/index.php\/au-plan-africain\/\"]}]},{\"@type\":\"BreadcrumbList\",\"@id\":\"https:\/\/fondationleopoldsedarsenghor.org\/index.php\/au-plan-africain\/#breadcrumb\",\"itemListElement\":[{\"@type\":\"ListItem\",\"position\":1,\"name\":\"Accueil\",\"item\":\"https:\/\/fondationleopoldsedarsenghor.org\/\"},{\"@type\":\"ListItem\",\"position\":2,\"name\":\"Au plan africain\"}]},{\"@type\":\"WebSite\",\"@id\":\"https:\/\/fondationleopoldsedarsenghor.org\/#website\",\"url\":\"https:\/\/fondationleopoldsedarsenghor.org\/\",\"name\":\"https:\/\/fondationleopoldsedarsenghor.org\/\",\"description\":\"\",\"publisher\":{\"@id\":\"https:\/\/fondationleopoldsedarsenghor.org\/#organization\"},\"potentialAction\":[{\"@type\":\"SearchAction\",\"target\":{\"@type\":\"EntryPoint\",\"urlTemplate\":\"https:\/\/fondationleopoldsedarsenghor.org\/?s={search_term_string}\"},\"query-input\":{\"@type\":\"PropertyValueSpecification\",\"valueRequired\":true,\"valueName\":\"search_term_string\"}}],\"inLanguage\":\"en-US\"},{\"@type\":\"Organization\",\"@id\":\"https:\/\/fondationleopoldsedarsenghor.org\/#organization\",\"name\":\"Fondation Leopold S\u00e9dar Senghor\",\"url\":\"https:\/\/fondationleopoldsedarsenghor.org\/\",\"logo\":{\"@type\":\"ImageObject\",\"inLanguage\":\"en-US\",\"@id\":\"https:\/\/fondationleopoldsedarsenghor.org\/#\/schema\/logo\/image\/\",\"url\":\"https:\/\/fondationleopoldsedarsenghor.org\/wp-content\/uploads\/2023\/05\/Senghor-Depute-du-Senegal-1.png\",\"contentUrl\":\"https:\/\/fondationleopoldsedarsenghor.org\/wp-content\/uploads\/2023\/05\/Senghor-Depute-du-Senegal-1.png\",\"width\":186,\"height\":275,\"caption\":\"Fondation Leopold S\u00e9dar Senghor\"},\"image\":{\"@id\":\"https:\/\/fondationleopoldsedarsenghor.org\/#\/schema\/logo\/image\/\"}}]}<\/script>\n<!-- \/ Yoast SEO plugin. -->","yoast_head_json":{"title":"Au plan africain - Leopold Sedar","robots":{"index":"index","follow":"follow","max-snippet":"max-snippet:-1","max-image-preview":"max-image-preview:large","max-video-preview":"max-video-preview:-1"},"canonical":"https:\/\/fondationleopoldsedarsenghor.org\/index.php\/au-plan-africain\/","og_locale":"en_US","og_type":"article","og_title":"Au plan africain - Leopold Sedar","og_description":"Parmi les buts de la Fondation, figurent la \u00ab&nbsp;sauvegarde et l\u2019enrichissement du patrimoine culturel africain, qui doit \u00eatre favoris\u00e9&nbsp;; le d\u00e9veloppement de l\u2019Enseignement sup\u00e9rieur, de la Recherche et de la [&hellip;]","og_url":"https:\/\/fondationleopoldsedarsenghor.org\/index.php\/au-plan-africain\/","og_site_name":"Leopold Sedar","article_modified_time":"2023-05-18T21:23:54+00:00","twitter_card":"summary_large_image","twitter_misc":{"Est. reading time":"8 minutes"},"schema":{"@context":"https:\/\/schema.org","@graph":[{"@type":"WebPage","@id":"https:\/\/fondationleopoldsedarsenghor.org\/index.php\/au-plan-africain\/","url":"https:\/\/fondationleopoldsedarsenghor.org\/index.php\/au-plan-africain\/","name":"Au plan africain - Leopold Sedar","isPartOf":{"@id":"https:\/\/fondationleopoldsedarsenghor.org\/#website"},"datePublished":"2023-05-18T21:17:20+00:00","dateModified":"2023-05-18T21:23:54+00:00","breadcrumb":{"@id":"https:\/\/fondationleopoldsedarsenghor.org\/index.php\/au-plan-africain\/#breadcrumb"},"inLanguage":"en-US","potentialAction":[{"@type":"ReadAction","target":["https:\/\/fondationleopoldsedarsenghor.org\/index.php\/au-plan-africain\/"]}]},{"@type":"BreadcrumbList","@id":"https:\/\/fondationleopoldsedarsenghor.org\/index.php\/au-plan-africain\/#breadcrumb","itemListElement":[{"@type":"ListItem","position":1,"name":"Accueil","item":"https:\/\/fondationleopoldsedarsenghor.org\/"},{"@type":"ListItem","position":2,"name":"Au plan africain"}]},{"@type":"WebSite","@id":"https:\/\/fondationleopoldsedarsenghor.org\/#website","url":"https:\/\/fondationleopoldsedarsenghor.org\/","name":"https:\/\/fondationleopoldsedarsenghor.org\/","description":"","publisher":{"@id":"https:\/\/fondationleopoldsedarsenghor.org\/#organization"},"potentialAction":[{"@type":"SearchAction","target":{"@type":"EntryPoint","urlTemplate":"https:\/\/fondationleopoldsedarsenghor.org\/?s={search_term_string}"},"query-input":{"@type":"PropertyValueSpecification","valueRequired":true,"valueName":"search_term_string"}}],"inLanguage":"en-US"},{"@type":"Organization","@id":"https:\/\/fondationleopoldsedarsenghor.org\/#organization","name":"Fondation Leopold S\u00e9dar Senghor","url":"https:\/\/fondationleopoldsedarsenghor.org\/","logo":{"@type":"ImageObject","inLanguage":"en-US","@id":"https:\/\/fondationleopoldsedarsenghor.org\/#\/schema\/logo\/image\/","url":"https:\/\/fondationleopoldsedarsenghor.org\/wp-content\/uploads\/2023\/05\/Senghor-Depute-du-Senegal-1.png","contentUrl":"https:\/\/fondationleopoldsedarsenghor.org\/wp-content\/uploads\/2023\/05\/Senghor-Depute-du-Senegal-1.png","width":186,"height":275,"caption":"Fondation Leopold S\u00e9dar Senghor"},"image":{"@id":"https:\/\/fondationleopoldsedarsenghor.org\/#\/schema\/logo\/image\/"}}]}},"_links":{"self":[{"href":"https:\/\/fondationleopoldsedarsenghor.org\/index.php\/wp-json\/wp\/v2\/pages\/569","targetHints":{"allow":["GET"]}}],"collection":[{"href":"https:\/\/fondationleopoldsedarsenghor.org\/index.php\/wp-json\/wp\/v2\/pages"}],"about":[{"href":"https:\/\/fondationleopoldsedarsenghor.org\/index.php\/wp-json\/wp\/v2\/types\/page"}],"author":[{"embeddable":true,"href":"https:\/\/fondationleopoldsedarsenghor.org\/index.php\/wp-json\/wp\/v2\/users\/1"}],"replies":[{"embeddable":true,"href":"https:\/\/fondationleopoldsedarsenghor.org\/index.php\/wp-json\/wp\/v2\/comments?post=569"}],"version-history":[{"count":2,"href":"https:\/\/fondationleopoldsedarsenghor.org\/index.php\/wp-json\/wp\/v2\/pages\/569\/revisions"}],"predecessor-version":[{"id":581,"href":"https:\/\/fondationleopoldsedarsenghor.org\/index.php\/wp-json\/wp\/v2\/pages\/569\/revisions\/581"}],"wp:attachment":[{"href":"https:\/\/fondationleopoldsedarsenghor.org\/index.php\/wp-json\/wp\/v2\/media?parent=569"}],"curies":[{"name":"wp","href":"https:\/\/api.w.org\/{rel}","templated":true}]}}