{"id":571,"date":"2023-05-18T23:17:53","date_gmt":"2023-05-18T21:17:53","guid":{"rendered":"http:\/\/fondationleopoldsedarsenghor.org\/?page_id=571"},"modified":"2023-05-20T17:27:00","modified_gmt":"2023-05-20T15:27:00","slug":"au-plan-international","status":"publish","type":"page","link":"https:\/\/fondationleopoldsedarsenghor.org\/index.php\/au-plan-international\/","title":{"rendered":"Au plan international"},"content":{"rendered":"\n<p>La Fondation doit d\u00e9finir un programme d\u2019action qui la positionne au niveau international, avec, comme un point de rep\u00e8re important, la renomm\u00e9e de son Parrain. Dans cette optique, diff\u00e9rentes actions sont en vue&nbsp;:<\/p>\n\n\n\n<ul class=\"wp-block-list\">\n<li>le Prix international L\u00e9opold S\u00e9dar Senghor pour la coexistence par le dialogue,<\/li>\n\n\n\n<li>des \u00e9changes \u00e0 nouer lors d\u2019un s\u00e9jour de recherches du Directeur G\u00e9n\u00e9ral \u00e0 Boston University,<\/li>\n\n\n\n<li>le concours Philippe Maguilen Senghor au sein de l\u2019espace francophone,<\/li>\n\n\n\n<li>des contacts \u00e0 \u00e9tablir avec diff\u00e9rentes fondations&nbsp;: Chirac, Mitterrand, Mario Soares, Agnelli, Gulbenkian (Portugal) Del Duca,<\/li>\n\n\n\n<li>des contacts \u00e0 nouer avec le D\u00e9partement d\u2019\u00c9tudes africaines des universit\u00e9s de Milan en Italie.<\/li>\n<\/ul>\n\n\n\n<p><strong>&nbsp;Prix international L\u00e9opold S\u00e9dar Senghor pour la promotion de la coexistence par le dialogue<\/strong><\/p>\n\n\n\n<p>C\u2019est une initiative de M. Mohamed Aziza, Fondateur et Chancelier honoraire de l\u2019Acad\u00e9mie mondiale de Po\u00e9sie, qui en a soumis l\u2019id\u00e9e au Pr\u00e9sident Directeur G\u00e9n\u00e9ral de la Fondation et \u00e0 M. Moustapha Niasse, Pr\u00e9sident de l\u2019Assembl\u00e9e nationale. En prenant service, nous avons renou\u00e9 le contact avec M. Aziza, en accord du PCA, et avons engag\u00e9 des \u00e9changes sur le projet, gr\u00e2ce auxquels nous en sommes arriv\u00e9s au niveau d\u2019\u00e9laboration tel qu\u2019il ressort de la pr\u00e9sentation ci-apr\u00e8s.<\/p>\n\n\n\n<p>Le ministre de la Culture \u00e0 qui nous avons soumis l\u2019id\u00e9e du Prix, lors de l\u2019audience \u00e9voqu\u00e9e, l\u2019a appuy\u00e9e et a not\u00e9, pour s\u2019en f\u00e9liciter, l\u2019existence du&nbsp;<strong>Prix Ibn Khaldoun-L\u00e9opold S\u00e9dar Senghor<\/strong>, qui vient d\u2019\u00eatre d\u00e9cern\u00e9 \u00e0 notre compatriote, le Pr. Rawane Mbaye.<\/p>\n\n\n\n<p><strong>Justification<\/strong><\/p>\n\n\n\n<p>Le Prix est bienvenu pour faire justice \u00e0 Senghor, chantre d\u2019une&nbsp;<strong>Civilisation de l\u2019Universel<\/strong>, symbiose de toutes les cultures. En effet une certaine opinion continue de reprocher \u00e0 Senghor cette ouverture \u00e0 l\u2019Universel, malgr\u00e9 toute la place qu\u2019il conf\u00e8re \u00e0 la dignit\u00e9 de chacun et de chaque culture, en tant qu\u2019une parcelle du patrimoine de l\u2019humanit\u00e9.<\/p>\n\n\n\n<p>Senghor s\u2019est \u00e9galement appuy\u00e9 avec constance sur les traditions africaines de la palabre, (Cf. Mandela, 1995&nbsp;: 32 et suivantes<a href=\"https:\/\/fondationsenghor.org\/programme\/au-plan-international\/#_ftn1\">[1]<\/a>&nbsp;; Ki-Zerbo, 2007&nbsp;: 117<a href=\"https:\/\/fondationsenghor.org\/programme\/au-plan-international\/#_ftn2\">[2]<\/a>), pr\u00e9conisant sans cesse le dialogue dont il a fait un outil de choix dans sa politique int\u00e9rieure.<\/p>\n\n\n\n<p>En consid\u00e9ration de ce qui pr\u00e9c\u00e8de et de la marche du monde, particuli\u00e8rement de l\u2019Afrique o\u00f9 les conflits de toutes sortes se d\u00e9veloppent, un&nbsp;<strong><em>Prix international L\u00e9opold S\u00e9dar Senghor pour la Promotion de la Coexistence par le Dialogue&nbsp;<\/em><\/strong>peut \u00eatre une contribution significative \u00e0 l\u2019av\u00e8nement de la paix. Par ailleurs, le Prix devrait aider \u00e0 mieux prendre en compte la dimension prospective de la pens\u00e9e de visionnaire du Parrain qui, d\u00e9passant la p\u00e9riode coloniale et les ranc\u0153urs, a appel\u00e9 sans rel\u00e2che l\u2019av\u00e8nement d\u2019un monde de paix.<\/p>\n\n\n\n<p><strong>Caract\u00e9risation<\/strong><\/p>\n\n\n\n<p>Cependant le Prix doit \u00eatre&nbsp;<strong>caract\u00e9ris\u00e9<\/strong>&nbsp;tr\u00e8s fortement pour \u00eatre&nbsp;<strong>distingu\u00e9<\/strong>&nbsp;des autres prix existant dans le cadre de la Francophonie (Prix des Cinq Continents) ou dans celui de la recherche de la Paix (Prix Houphou\u00ebt-Boigny). Son Palmar\u00e8s doit \u00eatre \u00e9galement fortement particularis\u00e9. Sur ces bases, les objectifs du Prix ont \u00e9t\u00e9 ainsi d\u00e9finis.<\/p>\n\n\n\n<p><strong><em>Objectifs du Prix<\/em><\/strong><\/p>\n\n\n\n<p>Encourager tout effort consenti par les hommes politiques, les entrepreneurs, les hommes de science et les hommes de culture en faveur du renforcement du dialogue et de la compr\u00e9hension mutuelle \u00e0 l\u2019int\u00e9rieur de l\u2019Afrique.&nbsp;<\/p>\n\n\n\n<p><strong>Palmar\u00e8s<\/strong><\/p>\n\n\n\n<p>Il doit particulariser l\u2019apport de personnalit\u00e9s d\u2019origines diff\u00e9rentes et, \u00e9ventuellement, de disciplines diversifi\u00e9es ayant contribu\u00e9, de mani\u00e8re significative, sur la base des valeurs de l\u2019Africanit\u00e9 et de la Francophonie, au renforcement du dialogue comme moyen de pr\u00e9vention ou de r\u00e8glement pacifique des conflits, et de renforcement des bases d\u2019une coop\u00e9ration entre les peuples et les cultures en vue d\u2019atteindre un d\u00e9veloppement solidaire et durable.&nbsp;<\/p>\n\n\n\n<p><strong>Laur\u00e9ats<\/strong><\/p>\n\n\n\n<p>Le premier Palmar\u00e8s du Prix devrait id\u00e9alement inclure :<\/p>\n\n\n\n<ul class=\"wp-block-list\">\n<li>3 personnalit\u00e9s africaines&nbsp;: 1 politique, 1 \u00e9conomiste et 1 culturel ou scientifique,<\/li>\n\n\n\n<li>1 personnalit\u00e9 en provenance d\u2019un pays francophone et<\/li>\n\n\n\n<li>1 personnalit\u00e9 en provenance d\u2019un pays non francophone.<\/li>\n<\/ul>\n\n\n\n<p>Ce qui fait 5 laur\u00e9ats, au moins pour la premi\u00e8re attribution, qui se passera dans le cadre du&nbsp;<strong>XV Sommet de la Francophonie<\/strong>&nbsp;et, \u00e9ventuellement, dans le cadre de&nbsp;<strong>l\u2019Ann\u00e9e Senghor 2014<\/strong>, si la proposition du ministre de la Culture est concr\u00e9tis\u00e9e.<\/p>\n\n\n\n<p>Pour les autres attributions, les ann\u00e9es suivantes, le nombre de laur\u00e9ats pourrait \u00eatre 3, en ne retenant qu\u2019un seul Africain.<\/p>\n\n\n\n<p><strong>Dotation du Prix<\/strong><\/p>\n\n\n\n<p>La dotation financi\u00e8re du Prix pourrait s\u2019envisager&nbsp;<strong>par le recours \u00e0 des sponsors priv\u00e9s<\/strong>&nbsp;et sous la forme d\u2019un&nbsp;<strong>Fund in Trust<\/strong>, autrement dit, le d\u00e9p\u00f4t d\u2019une somme cons\u00e9quente, bloqu\u00e9e pour un temps d\u00e9fini et produisant des&nbsp;<em>int\u00e9r\u00eats<\/em>&nbsp;\u00e0 m\u00eame de servir de budget de fonctionnement et de dotation financi\u00e8re pour le Prix. L\u2019int\u00e9r\u00eat de cette technique r\u00e9side dans le fait qu\u2019elle assure l\u2019ind\u00e9pendance et la (relative) p\u00e9rennit\u00e9 du financement du Prix.<\/p>\n\n\n\n<p>Il reste qu\u2019au-del\u00e0 de la Fondation, la&nbsp;<strong>dotation financi\u00e8re<\/strong>&nbsp;du Prix concerne \u00e9galement les autorit\u00e9s s\u00e9n\u00e9galaises.<\/p>\n\n\n\n<p>En plus de la dotation financi\u00e8re, une plaque en argent et un Dipl\u00f4me en parchemin calligraphi\u00e9 devraient \u00eatre remis aux laur\u00e9ats<\/p>\n\n\n\n<p><strong>P\u00e9riodicit\u00e9<\/strong><\/p>\n\n\n\n<p>Si l\u2019on retient que, tous les deux ans, le Prix puisse \u00eatre remis dans le cadre des Sommets de la Francophonie dans les pays o\u00f9 ils se tiennent, on pourrait envisager qu\u2019une ann\u00e9e sur deux, la c\u00e9r\u00e9monie de remise du Prix ait lieu \u00e0 Dakar. Peut-\u00eatre sous une forme \u00ab&nbsp;all\u00e9g\u00e9e&nbsp;\u00bb c\u2019est-\u00e0-dire avec un Palmar\u00e8s avec 3 laur\u00e9ats (au lieu de 5).<\/p>\n\n\n\n<p><strong>Administration du Prix<\/strong><\/p>\n\n\n\n<p>Le Prix sera administr\u00e9 par un Bureau ex\u00e9cutif compos\u00e9 comme suit&nbsp;: 1 Pr\u00e9sident&nbsp;; 2 ou 3 Vice-pr\u00e9sidents&nbsp;; 1 Secr\u00e9taire ex\u00e9cutif et des membres. Son Secr\u00e9tariat ex\u00e9cutif sera occup\u00e9 par le Directeur G\u00e9n\u00e9ral de la Fondation L. S. Senghor, membre fondateur du Prix.<\/p>\n","protected":false},"excerpt":{"rendered":"<p>La Fondation doit d\u00e9finir un programme d\u2019action qui la positionne au niveau international, avec, comme un point de rep\u00e8re important, la renomm\u00e9e de son Parrain. Dans cette optique, diff\u00e9rentes actions [&hellip;]<\/p>\n","protected":false},"author":1,"featured_media":0,"parent":0,"menu_order":0,"comment_status":"closed","ping_status":"closed","template":"","meta":{"_acf_changed":false,"footnotes":""},"class_list":["post-571","page","type-page","status-publish"],"acf":[],"yoast_head":"<!-- This site is optimized with the Yoast SEO plugin v24.9 - https:\/\/yoast.com\/wordpress\/plugins\/seo\/ -->\n<title>Au plan international - Leopold Sedar<\/title>\n<meta name=\"robots\" content=\"index, follow, max-snippet:-1, max-image-preview:large, max-video-preview:-1\" \/>\n<link rel=\"canonical\" href=\"https:\/\/fondationleopoldsedarsenghor.org\/index.php\/au-plan-international\/\" \/>\n<meta property=\"og:locale\" content=\"en_US\" \/>\n<meta property=\"og:type\" content=\"article\" \/>\n<meta property=\"og:title\" content=\"Au plan international - Leopold Sedar\" \/>\n<meta property=\"og:description\" content=\"La Fondation doit d\u00e9finir un programme d\u2019action qui la positionne au niveau international, avec, comme un point de rep\u00e8re important, la renomm\u00e9e de son Parrain. Dans cette optique, diff\u00e9rentes actions [&hellip;]\" \/>\n<meta property=\"og:url\" content=\"https:\/\/fondationleopoldsedarsenghor.org\/index.php\/au-plan-international\/\" \/>\n<meta property=\"og:site_name\" content=\"Leopold Sedar\" \/>\n<meta property=\"article:modified_time\" content=\"2023-05-20T15:27:00+00:00\" \/>\n<meta name=\"twitter:card\" content=\"summary_large_image\" \/>\n<meta name=\"twitter:label1\" content=\"Est. reading time\" \/>\n\t<meta name=\"twitter:data1\" content=\"5 minutes\" \/>\n<script type=\"application\/ld+json\" class=\"yoast-schema-graph\">{\"@context\":\"https:\/\/schema.org\",\"@graph\":[{\"@type\":\"WebPage\",\"@id\":\"https:\/\/fondationleopoldsedarsenghor.org\/index.php\/au-plan-international\/\",\"url\":\"https:\/\/fondationleopoldsedarsenghor.org\/index.php\/au-plan-international\/\",\"name\":\"Au plan international - Leopold Sedar\",\"isPartOf\":{\"@id\":\"https:\/\/fondationleopoldsedarsenghor.org\/#website\"},\"datePublished\":\"2023-05-18T21:17:53+00:00\",\"dateModified\":\"2023-05-20T15:27:00+00:00\",\"breadcrumb\":{\"@id\":\"https:\/\/fondationleopoldsedarsenghor.org\/index.php\/au-plan-international\/#breadcrumb\"},\"inLanguage\":\"en-US\",\"potentialAction\":[{\"@type\":\"ReadAction\",\"target\":[\"https:\/\/fondationleopoldsedarsenghor.org\/index.php\/au-plan-international\/\"]}]},{\"@type\":\"BreadcrumbList\",\"@id\":\"https:\/\/fondationleopoldsedarsenghor.org\/index.php\/au-plan-international\/#breadcrumb\",\"itemListElement\":[{\"@type\":\"ListItem\",\"position\":1,\"name\":\"Accueil\",\"item\":\"https:\/\/fondationleopoldsedarsenghor.org\/\"},{\"@type\":\"ListItem\",\"position\":2,\"name\":\"Au plan international\"}]},{\"@type\":\"WebSite\",\"@id\":\"https:\/\/fondationleopoldsedarsenghor.org\/#website\",\"url\":\"https:\/\/fondationleopoldsedarsenghor.org\/\",\"name\":\"https:\/\/fondationleopoldsedarsenghor.org\/\",\"description\":\"\",\"publisher\":{\"@id\":\"https:\/\/fondationleopoldsedarsenghor.org\/#organization\"},\"potentialAction\":[{\"@type\":\"SearchAction\",\"target\":{\"@type\":\"EntryPoint\",\"urlTemplate\":\"https:\/\/fondationleopoldsedarsenghor.org\/?s={search_term_string}\"},\"query-input\":{\"@type\":\"PropertyValueSpecification\",\"valueRequired\":true,\"valueName\":\"search_term_string\"}}],\"inLanguage\":\"en-US\"},{\"@type\":\"Organization\",\"@id\":\"https:\/\/fondationleopoldsedarsenghor.org\/#organization\",\"name\":\"Fondation Leopold S\u00e9dar Senghor\",\"url\":\"https:\/\/fondationleopoldsedarsenghor.org\/\",\"logo\":{\"@type\":\"ImageObject\",\"inLanguage\":\"en-US\",\"@id\":\"https:\/\/fondationleopoldsedarsenghor.org\/#\/schema\/logo\/image\/\",\"url\":\"https:\/\/fondationleopoldsedarsenghor.org\/wp-content\/uploads\/2023\/05\/Senghor-Depute-du-Senegal-1.png\",\"contentUrl\":\"https:\/\/fondationleopoldsedarsenghor.org\/wp-content\/uploads\/2023\/05\/Senghor-Depute-du-Senegal-1.png\",\"width\":186,\"height\":275,\"caption\":\"Fondation Leopold S\u00e9dar Senghor\"},\"image\":{\"@id\":\"https:\/\/fondationleopoldsedarsenghor.org\/#\/schema\/logo\/image\/\"}}]}<\/script>\n<!-- \/ Yoast SEO plugin. -->","yoast_head_json":{"title":"Au plan international - Leopold Sedar","robots":{"index":"index","follow":"follow","max-snippet":"max-snippet:-1","max-image-preview":"max-image-preview:large","max-video-preview":"max-video-preview:-1"},"canonical":"https:\/\/fondationleopoldsedarsenghor.org\/index.php\/au-plan-international\/","og_locale":"en_US","og_type":"article","og_title":"Au plan international - Leopold Sedar","og_description":"La Fondation doit d\u00e9finir un programme d\u2019action qui la positionne au niveau international, avec, comme un point de rep\u00e8re important, la renomm\u00e9e de son Parrain. Dans cette optique, diff\u00e9rentes actions [&hellip;]","og_url":"https:\/\/fondationleopoldsedarsenghor.org\/index.php\/au-plan-international\/","og_site_name":"Leopold Sedar","article_modified_time":"2023-05-20T15:27:00+00:00","twitter_card":"summary_large_image","twitter_misc":{"Est. reading time":"5 minutes"},"schema":{"@context":"https:\/\/schema.org","@graph":[{"@type":"WebPage","@id":"https:\/\/fondationleopoldsedarsenghor.org\/index.php\/au-plan-international\/","url":"https:\/\/fondationleopoldsedarsenghor.org\/index.php\/au-plan-international\/","name":"Au plan international - Leopold Sedar","isPartOf":{"@id":"https:\/\/fondationleopoldsedarsenghor.org\/#website"},"datePublished":"2023-05-18T21:17:53+00:00","dateModified":"2023-05-20T15:27:00+00:00","breadcrumb":{"@id":"https:\/\/fondationleopoldsedarsenghor.org\/index.php\/au-plan-international\/#breadcrumb"},"inLanguage":"en-US","potentialAction":[{"@type":"ReadAction","target":["https:\/\/fondationleopoldsedarsenghor.org\/index.php\/au-plan-international\/"]}]},{"@type":"BreadcrumbList","@id":"https:\/\/fondationleopoldsedarsenghor.org\/index.php\/au-plan-international\/#breadcrumb","itemListElement":[{"@type":"ListItem","position":1,"name":"Accueil","item":"https:\/\/fondationleopoldsedarsenghor.org\/"},{"@type":"ListItem","position":2,"name":"Au plan international"}]},{"@type":"WebSite","@id":"https:\/\/fondationleopoldsedarsenghor.org\/#website","url":"https:\/\/fondationleopoldsedarsenghor.org\/","name":"https:\/\/fondationleopoldsedarsenghor.org\/","description":"","publisher":{"@id":"https:\/\/fondationleopoldsedarsenghor.org\/#organization"},"potentialAction":[{"@type":"SearchAction","target":{"@type":"EntryPoint","urlTemplate":"https:\/\/fondationleopoldsedarsenghor.org\/?s={search_term_string}"},"query-input":{"@type":"PropertyValueSpecification","valueRequired":true,"valueName":"search_term_string"}}],"inLanguage":"en-US"},{"@type":"Organization","@id":"https:\/\/fondationleopoldsedarsenghor.org\/#organization","name":"Fondation Leopold S\u00e9dar Senghor","url":"https:\/\/fondationleopoldsedarsenghor.org\/","logo":{"@type":"ImageObject","inLanguage":"en-US","@id":"https:\/\/fondationleopoldsedarsenghor.org\/#\/schema\/logo\/image\/","url":"https:\/\/fondationleopoldsedarsenghor.org\/wp-content\/uploads\/2023\/05\/Senghor-Depute-du-Senegal-1.png","contentUrl":"https:\/\/fondationleopoldsedarsenghor.org\/wp-content\/uploads\/2023\/05\/Senghor-Depute-du-Senegal-1.png","width":186,"height":275,"caption":"Fondation Leopold S\u00e9dar Senghor"},"image":{"@id":"https:\/\/fondationleopoldsedarsenghor.org\/#\/schema\/logo\/image\/"}}]}},"_links":{"self":[{"href":"https:\/\/fondationleopoldsedarsenghor.org\/index.php\/wp-json\/wp\/v2\/pages\/571","targetHints":{"allow":["GET"]}}],"collection":[{"href":"https:\/\/fondationleopoldsedarsenghor.org\/index.php\/wp-json\/wp\/v2\/pages"}],"about":[{"href":"https:\/\/fondationleopoldsedarsenghor.org\/index.php\/wp-json\/wp\/v2\/types\/page"}],"author":[{"embeddable":true,"href":"https:\/\/fondationleopoldsedarsenghor.org\/index.php\/wp-json\/wp\/v2\/users\/1"}],"replies":[{"embeddable":true,"href":"https:\/\/fondationleopoldsedarsenghor.org\/index.php\/wp-json\/wp\/v2\/comments?post=571"}],"version-history":[{"count":4,"href":"https:\/\/fondationleopoldsedarsenghor.org\/index.php\/wp-json\/wp\/v2\/pages\/571\/revisions"}],"predecessor-version":[{"id":636,"href":"https:\/\/fondationleopoldsedarsenghor.org\/index.php\/wp-json\/wp\/v2\/pages\/571\/revisions\/636"}],"wp:attachment":[{"href":"https:\/\/fondationleopoldsedarsenghor.org\/index.php\/wp-json\/wp\/v2\/media?parent=571"}],"curies":[{"name":"wp","href":"https:\/\/api.w.org\/{rel}","templated":true}]}}